{"id":3,"date":"2023-10-08T00:49:32","date_gmt":"2023-10-07T22:49:32","guid":{"rendered":"http:\/\/roldany.com\/?page_id=3"},"modified":"2026-02-02T17:25:49","modified_gmt":"2026-02-02T16:25:49","slug":"datenschutzerklaerung","status":"publish","type":"page","link":"https:\/\/roldany.com\/index.php\/datenschutzerklaerung\/","title":{"rendered":"Datenschutzerkl\u00e4rung"},"content":{"rendered":"\n<p>Der Schutz Ihrer pers\u00f6nlichen Daten ist mir ein besonderes Anliegen. Ich behandle Ihre personenbezogenen Daten vertraulich und entsprechend den gesetzlichen Datenschutzvorschriften sowie dieser Datenschutzerkl\u00e4rung.<\/p>\n\n\n\n<h3 class=\"wp-block-heading\">1. Verantwortliche Stelle<\/h3>\n\n\n\n<p>Verantwortlich f\u00fcr die Datenverarbeitung auf dieser Website ist:<\/p>\n\n\n\n<p><strong>Roldany Gutierrez<\/strong><br>Im Gr\u00fcn 4<br>78465 Konstanz<br>Deutschland<\/p>\n\n\n\n<hr class=\"wp-block-separator has-alpha-channel-opacity\"\/>\n\n\n\n<h3 class=\"wp-block-heading\">2. Erhebung und Speicherung personenbezogener Daten<\/h3>\n\n\n\n<h4 class=\"wp-block-heading\">a) Kommentare<\/h4>\n\n\n\n<p>Wenn Sie auf dieser Website Kommentare hinterlassen, werden die Daten gespeichert, die Sie im Kommentarformular angeben. Zus\u00e4tzlich werden Ihre IP-Adresse sowie der User-Agent-String (zur Identifikation des Browsers) gespeichert. Dies dient der Sicherheit der Website und der Erkennung von Spam.<\/p>\n\n\n\n<hr class=\"wp-block-separator has-alpha-channel-opacity\"\/>\n\n\n\n<h4 class=\"wp-block-heading\">b) Gravatar<\/h4>\n\n\n\n<p>Aus Ihrer E-Mail-Adresse kann eine anonymisierte Zeichenfolge (Hash) erstellt und an den Gravatar-Dienst \u00fcbermittelt werden, um zu pr\u00fcfen, ob Sie diesen nutzen. Die Datenschutzerkl\u00e4rung von Gravatar finden Sie beim jeweiligen Anbieter. Nach Freigabe Ihres Kommentars ist Ihr Profilbild \u00f6ffentlich sichtbar, sofern Sie Gravatar verwenden.<\/p>\n\n\n\n<hr class=\"wp-block-separator has-alpha-channel-opacity\"\/>\n\n\n\n<h4 class=\"wp-block-heading\">c) Medien<\/h4>\n\n\n\n<p>Wenn Sie als registrierter Benutzer Fotos auf diese Website hochladen, vermeiden Sie bitte das Hochladen von Bildern mit eingebetteten Standortdaten (EXIF-GPS). Besucher dieser Website k\u00f6nnten diese Informationen aus den Bildern auslesen.<\/p>\n\n\n\n<hr class=\"wp-block-separator has-alpha-channel-opacity\"\/>\n\n\n\n<h3 class=\"wp-block-heading\">3. Cookies<\/h3>\n\n\n\n<p>Diese Website verwendet Cookies.<\/p>\n\n\n\n<ul class=\"wp-block-list\">\n<li>Wenn Sie einen Kommentar schreiben, kann Ihre Einwilligung eingeholt werden, Ihren Namen, Ihre E-Mail-Adresse und Website in Cookies zu speichern. Dies dient Ihrem Komfort, damit Sie diese Daten bei einem weiteren Kommentar nicht erneut eingeben m\u00fcssen. Diese Cookies werden ein Jahr gespeichert.<\/li>\n\n\n\n<li>Beim Besuch der Anmeldeseite wird ein tempor\u00e4res Cookie gesetzt, um festzustellen, ob Ihr Browser Cookies akzeptiert. Dieses Cookie enth\u00e4lt keine personenbezogenen Daten und wird beim Schlie\u00dfen des Browsers gel\u00f6scht.<\/li>\n\n\n\n<li>Wenn Sie sich anmelden, werden Cookies eingerichtet, um Ihre Anmeldeinformationen und Anzeigeoptionen zu speichern.\n<ul class=\"wp-block-list\">\n<li>Anmelde-Cookies verfallen nach zwei Wochen.<\/li>\n\n\n\n<li>Cookies f\u00fcr Anzeigeoptionen verfallen nach einem Jahr.<\/li>\n<\/ul>\n<\/li>\n<\/ul>\n\n\n\n<hr class=\"wp-block-separator has-alpha-channel-opacity\"\/>\n\n\n\n<h3 class=\"wp-block-heading\">4. Eingebettete Inhalte von anderen Websites<\/h3>\n\n\n\n<p>Beitr\u00e4ge auf dieser Website k\u00f6nnen eingebettete Inhalte enthalten (z. B. Videos, Bilder oder Beitr\u00e4ge anderer Websites). Eingebettete Inhalte verhalten sich so, als h\u00e4tten Sie die andere Website direkt besucht. Diese Websites k\u00f6nnen Daten \u00fcber Sie sammeln, Cookies verwenden und zus\u00e4tzliche Tracking-Dienste einbinden.<\/p>\n\n\n\n<hr class=\"wp-block-separator has-alpha-channel-opacity\"\/>\n\n\n\n<h3 class=\"wp-block-heading\">5. Speicherung von Daten<\/h3>\n\n\n\n<p>Wenn Sie einen Kommentar schreiben, wird dieser inklusive Metadaten zeitlich unbegrenzt gespeichert. Dies dient der automatischen Erkennung und Freigabe von Folgekommentaren.<\/p>\n\n\n\n<p>F\u00fcr Benutzer, die sich auf dieser Website registrieren, werden zus\u00e4tzlich die pers\u00f6nlichen Informationen gespeichert, die sie in ihrem Benutzerprofil angeben.<\/p>\n\n\n\n<hr class=\"wp-block-separator has-alpha-channel-opacity\"\/>\n\n\n\n<h3 class=\"wp-block-heading\">6. Ihre Rechte<\/h3>\n\n\n\n<p>Sie haben jederzeit das Recht:<\/p>\n\n\n\n<ul class=\"wp-block-list\">\n<li>Auskunft \u00fcber Ihre gespeicherten personenbezogenen Daten zu verlangen<\/li>\n\n\n\n<li>die Berichtigung oder L\u00f6schung Ihrer personenbezogenen Daten zu verlangen<\/li>\n\n\n\n<li>einen Export Ihrer personenbezogenen Daten anzufordern<\/li>\n<\/ul>\n\n\n\n<p>Dies umfasst nicht Daten, die aufgrund gesetzlicher oder administrativer Verpflichtungen aufbewahrt werden m\u00fcssen.<\/p>\n\n\n\n<hr class=\"wp-block-separator has-alpha-channel-opacity\"\/>\n\n\n\n<h3 class=\"wp-block-heading\">7. Widerruf Ihrer Einwilligung<\/h3>\n\n\n\n<p>Sofern Sie eine Einwilligung zur Verarbeitung Ihrer Daten erteilt haben, k\u00f6nnen Sie diese jederzeit widerrufen. Die Rechtm\u00e4\u00dfigkeit der bis zum Widerruf erfolgten Datenverarbeitung bleibt hiervon unber\u00fchrt.<\/p>\n","protected":false},"excerpt":{"rendered":"<p>Der Schutz Ihrer pers\u00f6nlichen Daten ist mir ein besonderes Anliegen. Ich behandle Ihre personenbezogenen Daten vertraulich und entsprechend den gesetzlichen Datenschutzvorschriften sowie dieser Datenschutzerkl\u00e4rung. 1. Verantwortliche Stelle Verantwortlich f\u00fcr die Datenverarbeitung auf dieser Website ist: Roldany GutierrezIm Gr\u00fcn 478465 KonstanzDeutschland 2. Erhebung und Speicherung personenbezogener Daten a) Kommentare Wenn Sie auf dieser Website Kommentare hinterlassen, [&hellip;]<\/p>\n","protected":false},"author":1,"featured_media":61,"parent":0,"menu_order":0,"comment_status":"closed","ping_status":"open","template":"","meta":{"footnotes":""},"class_list":["post-3","page","type-page","status-publish","has-post-thumbnail","hentry"],"_links":{"self":[{"href":"https:\/\/roldany.com\/index.php\/wp-json\/wp\/v2\/pages\/3","targetHints":{"allow":["GET"]}}],"collection":[{"href":"https:\/\/roldany.com\/index.php\/wp-json\/wp\/v2\/pages"}],"about":[{"href":"https:\/\/roldany.com\/index.php\/wp-json\/wp\/v2\/types\/page"}],"author":[{"embeddable":true,"href":"https:\/\/roldany.com\/index.php\/wp-json\/wp\/v2\/users\/1"}],"replies":[{"embeddable":true,"href":"https:\/\/roldany.com\/index.php\/wp-json\/wp\/v2\/comments?post=3"}],"version-history":[{"count":5,"href":"https:\/\/roldany.com\/index.php\/wp-json\/wp\/v2\/pages\/3\/revisions"}],"predecessor-version":[{"id":178,"href":"https:\/\/roldany.com\/index.php\/wp-json\/wp\/v2\/pages\/3\/revisions\/178"}],"wp:featuredmedia":[{"embeddable":true,"href":"https:\/\/roldany.com\/index.php\/wp-json\/wp\/v2\/media\/61"}],"wp:attachment":[{"href":"https:\/\/roldany.com\/index.php\/wp-json\/wp\/v2\/media?parent=3"}],"curies":[{"name":"wp","href":"https:\/\/api.w.org\/{rel}","templated":true}]}}